{"id":96,"date":"2017-04-03T09:02:43","date_gmt":"2017-04-03T09:02:43","guid":{"rendered":"http:\/\/testjoko.de\/?page_id=96"},"modified":"2025-11-13T18:33:47","modified_gmt":"2025-11-13T16:33:47","slug":"lehrpferde","status":"publish","type":"page","link":"https:\/\/ruf-cloppenburg.de\/index.php\/lehrpferde\/","title":{"rendered":"Lehrpferde"},"content":{"rendered":"<p>Ohne unsere treuen Schulpferde w\u00e4re vieles nicht m\u00f6glich! Durch die Vielzahl an Schulpfer\u00adden k\u00f6n\u00adnen wir viele Sparten des Pfer\u00adde\u00adsports abdecken.<\/p>\n<p>In der Dres\u00adsur, im Sprin\u00adgen oder im Voltigieren sind diese Vier\u00adbein\u00ader tolle Lehrmeister.<\/p>\n<p><u>Vere\u00adin\u00adspf<\/u><u>erde:<\/u><\/p>\n<p><img loading=\"lazy\" decoding=\"async\" class=\"alignnone  wp-image-232\" src=\"http:\/\/testjoko.de\/wp-content\/uploads\/2018\/05\/Mia-150x150.jpg\" alt width=\"150\" height=\"150\" srcset=\"https:\/\/ruf-cloppenburg.de\/wp-content\/uploads\/2018\/05\/Mia-150x150.jpg 150w, https:\/\/ruf-cloppenburg.de\/wp-content\/uploads\/2018\/05\/Mia-300x300.jpg 300w, https:\/\/ruf-cloppenburg.de\/wp-content\/uploads\/2018\/05\/Mia-1024x1024.jpg 1024w, https:\/\/ruf-cloppenburg.de\/wp-content\/uploads\/2018\/05\/Mia-768x768.jpg 768w, https:\/\/ruf-cloppenburg.de\/wp-content\/uploads\/2018\/05\/Mia-1536x1536.jpg 1536w, https:\/\/ruf-cloppenburg.de\/wp-content\/uploads\/2018\/05\/Mia-2048x2048.jpg 2048w, https:\/\/ruf-cloppenburg.de\/wp-content\/uploads\/2018\/05\/Mia-250x250.jpg 250w, https:\/\/ruf-cloppenburg.de\/wp-content\/uploads\/2018\/05\/Mia-174x174.jpg 174w\" sizes=\"auto, (max-width: 150px) 100vw, 150px\"><\/p>\n<p><strong>Mia <\/strong>(*2008)<\/p>\n<p>Mia ist unser Springcrack unter den Schulpfer\u00adden. Eben\u00adso gibt sie auch in der Dres\u00adsur eine gute Fig\u00adur ab. Als All\u00adrounder bringt sie mit ihren ca. 1,63m Stock\u00adma\u00df die per\u00adfek\u00adte Gr\u00f6\u00dfe&nbsp;mit.<\/p>\n<p><img loading=\"lazy\" decoding=\"async\" class=\"alignnone size-thumbnail wp-image-225\" src=\"http:\/\/testjoko.de\/wp-content\/uploads\/2018\/05\/Barbaresco-150x150.jpg\" alt width=\"150\" height=\"150\" srcset=\"https:\/\/ruf-cloppenburg.de\/wp-content\/uploads\/2018\/05\/Barbaresco-150x150.jpg 150w, https:\/\/ruf-cloppenburg.de\/wp-content\/uploads\/2018\/05\/Barbaresco-300x300.jpg 300w, https:\/\/ruf-cloppenburg.de\/wp-content\/uploads\/2018\/05\/Barbaresco-768x768.jpg 768w, https:\/\/ruf-cloppenburg.de\/wp-content\/uploads\/2018\/05\/Barbaresco-1024x1024.jpg 1024w, https:\/\/ruf-cloppenburg.de\/wp-content\/uploads\/2018\/05\/Barbaresco-250x250.jpg 250w, https:\/\/ruf-cloppenburg.de\/wp-content\/uploads\/2018\/05\/Barbaresco-174x174.jpg 174w\" sizes=\"auto, (max-width: 150px) 100vw, 150px\"><\/p>\n<p><strong>Bar\u00adbaresco <\/strong>(*2013)<\/p>\n<p>Bar\u00adbaresco ist ca. 1,73m gro\u00df und l\u00e4uft auss\u00adchlie\u00dflich f\u00fcr die Voltigier\u00adabteilung. Er gibt den kleinen und gro\u00dfen Voltigier\u00adern unseres Vere\u00adins sowohl beim Train\u00ading als auch auf Turnieren viel Sicherheit.<\/p>\n<p><img loading=\"lazy\" decoding=\"async\" class=\"alignnone  wp-image-235\" src=\"http:\/\/testjoko.de\/wp-content\/uploads\/2018\/05\/Tinka-150x150.jpg\" alt width=\"150\" height=\"150\" srcset=\"https:\/\/ruf-cloppenburg.de\/wp-content\/uploads\/2018\/05\/Tinka-150x150.jpg 150w, https:\/\/ruf-cloppenburg.de\/wp-content\/uploads\/2018\/05\/Tinka-300x300.jpg 300w, https:\/\/ruf-cloppenburg.de\/wp-content\/uploads\/2018\/05\/Tinka-768x768.jpg 768w, https:\/\/ruf-cloppenburg.de\/wp-content\/uploads\/2018\/05\/Tinka-1024x1024.jpg 1024w, https:\/\/ruf-cloppenburg.de\/wp-content\/uploads\/2018\/05\/Tinka-250x250.jpg 250w, https:\/\/ruf-cloppenburg.de\/wp-content\/uploads\/2018\/05\/Tinka-174x174.jpg 174w\" sizes=\"auto, (max-width: 150px) 100vw, 150px\"><\/p>\n<p><strong>Tin\u00adka <\/strong>(*2002)<\/p>\n<p>Unsere ca. 1,55m gro\u00dfe Tin\u00adka geh\u00f6rt zu den Senioren unseres Vere\u00adins und ist haupt\u00ads\u00e4ch\u00adlich f\u00fcr die Arbeit mit den Koop\u00ader\u00ada\u00adtionspart\u00adnern (Schulen und das Vin\u00adcen\u00adzhaus) im Ein\u00adsatz. Durch ihre ruhige und gelassene Art ist sie per\u00adfekt daf\u00fcr geeignet.<\/p>\n<p><img loading=\"lazy\" decoding=\"async\" class=\"alignnone  wp-image-234\" src=\"http:\/\/testjoko.de\/wp-content\/uploads\/2018\/05\/Pedro-150x150.jpg\" alt width=\"150\" height=\"150\" srcset=\"https:\/\/ruf-cloppenburg.de\/wp-content\/uploads\/2018\/05\/Pedro-150x150.jpg 150w, https:\/\/ruf-cloppenburg.de\/wp-content\/uploads\/2018\/05\/Pedro-300x300.jpg 300w, https:\/\/ruf-cloppenburg.de\/wp-content\/uploads\/2018\/05\/Pedro-1024x1024.jpg 1024w, https:\/\/ruf-cloppenburg.de\/wp-content\/uploads\/2018\/05\/Pedro-768x768.jpg 768w, https:\/\/ruf-cloppenburg.de\/wp-content\/uploads\/2018\/05\/Pedro-1536x1536.jpg 1536w, https:\/\/ruf-cloppenburg.de\/wp-content\/uploads\/2018\/05\/Pedro-2048x2048.jpg 2048w, https:\/\/ruf-cloppenburg.de\/wp-content\/uploads\/2018\/05\/Pedro-250x250.jpg 250w, https:\/\/ruf-cloppenburg.de\/wp-content\/uploads\/2018\/05\/Pedro-174x174.jpg 174w\" sizes=\"auto, (max-width: 150px) 100vw, 150px\"><\/p>\n<p><strong>Pedro <\/strong>(*1999)<\/p>\n<p>Pedro ist unser Senior und Pro\u00adfes\u00adsor im Stall. Er ist eben\u00adfalls haupt\u00ads\u00e4ch\u00adlich f\u00fcr die Arbeit mit unseren Koop\u00ader\u00ada\u00adtionspart\u00adnern im Ein\u00adsatz. Seine Weisheit erlangt er nicht nur durch seinen gro\u00dfen Erfahrungss\u00adchatz, son\u00addern auch durch seine hohe Intel\u00adli\u00adgenz. Dadurch ist Pedro mit seinen 1,35m der per\u00adfek\u00adte Lehrmeis\u00adter f\u00fcr Anf\u00e4nger.<\/p>\n<p><img loading=\"lazy\" decoding=\"async\" class=\"alignnone  wp-image-1085\" src=\"https:\/\/ruf-cloppenburg.de\/wp-content\/uploads\/2025\/03\/IMG_0572-45-2-300x300.jpg\" alt width=\"150\" height=\"150\" srcset=\"https:\/\/ruf-cloppenburg.de\/wp-content\/uploads\/2025\/03\/IMG_0572-45-2-300x300.jpg 300w, https:\/\/ruf-cloppenburg.de\/wp-content\/uploads\/2025\/03\/IMG_0572-45-2-1024x1024.jpg 1024w, https:\/\/ruf-cloppenburg.de\/wp-content\/uploads\/2025\/03\/IMG_0572-45-2-150x150.jpg 150w, https:\/\/ruf-cloppenburg.de\/wp-content\/uploads\/2025\/03\/IMG_0572-45-2-768x768.jpg 768w, https:\/\/ruf-cloppenburg.de\/wp-content\/uploads\/2025\/03\/IMG_0572-45-2-1536x1536.jpg 1536w, https:\/\/ruf-cloppenburg.de\/wp-content\/uploads\/2025\/03\/IMG_0572-45-2-2048x2048.jpg 2048w, https:\/\/ruf-cloppenburg.de\/wp-content\/uploads\/2025\/03\/IMG_0572-45-2-250x250.jpg 250w, https:\/\/ruf-cloppenburg.de\/wp-content\/uploads\/2025\/03\/IMG_0572-45-2-174x174.jpg 174w\" sizes=\"auto, (max-width: 150px) 100vw, 150px\"><\/p>\n<p><strong>Finesse<\/strong> (*)<\/p>\n<p>Finesse ist sehr fein zu reit\u00aden und wird gerne gerit\u00adten. Sie hat ihren eige\u00adnen Fan\u00adclub an Reitsch\u00fcler*innen. Sie ist 13 Jahre alt und als Ther\u00ada\u00adpiepferd von der Klee\u00adbaum Stiftung. Sie ist ein Teil der har\u00admonis\u00adchen Schulpfer\u00adde\u00adherde. Mit ihren 1,62m hat sie eine tolle Gr\u00f6\u00dfe f\u00fcr die unter\u00adschiedlich\u00adsten Reiter*innen bei&nbsp;uns.<\/p>\n<p><u>Zur Ver\u00adf\u00fc\u00adgung:<br>\n<\/u><\/p>\n<p><img loading=\"lazy\" decoding=\"async\" class=\"alignnone  wp-image-1064\" src=\"https:\/\/ruf-cloppenburg.de\/wp-content\/uploads\/2024\/10\/IMG_7056_2-2-300x300.jpg\" alt width=\"150\" height=\"150\" srcset=\"https:\/\/ruf-cloppenburg.de\/wp-content\/uploads\/2024\/10\/IMG_7056_2-2-300x300.jpg 300w, https:\/\/ruf-cloppenburg.de\/wp-content\/uploads\/2024\/10\/IMG_7056_2-2-1024x1024.jpg 1024w, https:\/\/ruf-cloppenburg.de\/wp-content\/uploads\/2024\/10\/IMG_7056_2-2-150x150.jpg 150w, https:\/\/ruf-cloppenburg.de\/wp-content\/uploads\/2024\/10\/IMG_7056_2-2-768x768.jpg 768w, https:\/\/ruf-cloppenburg.de\/wp-content\/uploads\/2024\/10\/IMG_7056_2-2-1536x1536.jpg 1536w, https:\/\/ruf-cloppenburg.de\/wp-content\/uploads\/2024\/10\/IMG_7056_2-2-2048x2048.jpg 2048w, https:\/\/ruf-cloppenburg.de\/wp-content\/uploads\/2024\/10\/IMG_7056_2-2-250x250.jpg 250w, https:\/\/ruf-cloppenburg.de\/wp-content\/uploads\/2024\/10\/IMG_7056_2-2-174x174.jpg 174w\" sizes=\"auto, (max-width: 150px) 100vw, 150px\"><\/p>\n<p><strong>Louis <\/strong>(*2014)<\/p>\n<p>Die Lieblings\u00addiszi\u00adplin unseres ca. 1,68m gro\u00dfen Louis ist das Sprin\u00adgen, aber auch im Dres\u00adsurviereck gibt er eine gute Fig\u00adur ab. Durch unseren All\u00adrounder Louis k\u00f6n\u00adnen auch gr\u00f6\u00dfere Reitsch\u00fcler bei uns am Vere\u00adin ihre F\u00e4higkeit\u00aden am und auf dem Pferd verbessern.<\/p>\n<p><img loading=\"lazy\" decoding=\"async\" class=\"alignnone  wp-image-1065\" src=\"https:\/\/ruf-cloppenburg.de\/wp-content\/uploads\/2024\/10\/IMG_7004_2-3-300x300.jpg\" alt width=\"150\" height=\"150\" srcset=\"https:\/\/ruf-cloppenburg.de\/wp-content\/uploads\/2024\/10\/IMG_7004_2-3-300x300.jpg 300w, https:\/\/ruf-cloppenburg.de\/wp-content\/uploads\/2024\/10\/IMG_7004_2-3-1024x1024.jpg 1024w, https:\/\/ruf-cloppenburg.de\/wp-content\/uploads\/2024\/10\/IMG_7004_2-3-150x150.jpg 150w, https:\/\/ruf-cloppenburg.de\/wp-content\/uploads\/2024\/10\/IMG_7004_2-3-768x768.jpg 768w, https:\/\/ruf-cloppenburg.de\/wp-content\/uploads\/2024\/10\/IMG_7004_2-3-1536x1536.jpg 1536w, https:\/\/ruf-cloppenburg.de\/wp-content\/uploads\/2024\/10\/IMG_7004_2-3-2048x2048.jpg 2048w, https:\/\/ruf-cloppenburg.de\/wp-content\/uploads\/2024\/10\/IMG_7004_2-3-250x250.jpg 250w, https:\/\/ruf-cloppenburg.de\/wp-content\/uploads\/2024\/10\/IMG_7004_2-3-174x174.jpg 174w\" sizes=\"auto, (max-width: 150px) 100vw, 150px\"><\/p>\n<p><strong>Mis\u00adsi <\/strong>(*2011)<\/p>\n<p>Unsere ca. 1,25m gro\u00dfe Mis\u00adsi bringt genau die richtige Mis\u00adchung aus Ruhe und Pepp in das Vere\u00adinsleben. Sie ist geduldig und ver\u00adsucht immer zu gefallen.<\/p>\n","protected":false},"excerpt":{"rendered":"<p>Ohne unsere treuen Schulpferde w\u00e4re vieles nicht m\u00f6glich! Durch die Vielzahl an Schulpfer\u00adden k\u00f6n\u00adnen wir viele Sparten des Pfer\u00adde\u00adsports abdeck\u00aden. In der Dres\u00adsur, im Sprin\u00adgen oder im Voltigieren sind diese Vier\u00adbein\u00ader tolle Lehrmeis\u00adter. Vere\u00adin\u00adspferde: Mia (*2008) Mia ist unser Springcrack unter den Schulpfer\u00adden. Eben\u00adso gibt sie auch in der Dres\u00adsur eine gute Fig\u00adur ab. Als <a href=\"https:\/\/ruf-cloppenburg.de\/index.php\/lehrpferde\/\" rel=\"nofollow\"><span class=\"sr-only\">Read more about Lehrpferde<\/span>[\u2026]<\/a><\/p>\n","protected":false},"author":1,"featured_media":0,"parent":0,"menu_order":0,"comment_status":"closed","ping_status":"closed","template":"template-fullwidth.php","meta":{"wp_typography_post_enhancements_disabled":false,"_monsterinsights_skip_tracking":false,"_monsterinsights_sitenote_active":false,"_monsterinsights_sitenote_note":"","_monsterinsights_sitenote_category":0,"footnotes":""},"class_list":["post-96","page","type-page","status-publish","hentry"],"_links":{"self":[{"href":"https:\/\/ruf-cloppenburg.de\/index.php\/wp-json\/wp\/v2\/pages\/96","targetHints":{"allow":["GET"]}}],"collection":[{"href":"https:\/\/ruf-cloppenburg.de\/index.php\/wp-json\/wp\/v2\/pages"}],"about":[{"href":"https:\/\/ruf-cloppenburg.de\/index.php\/wp-json\/wp\/v2\/types\/page"}],"author":[{"embeddable":true,"href":"https:\/\/ruf-cloppenburg.de\/index.php\/wp-json\/wp\/v2\/users\/1"}],"replies":[{"embeddable":true,"href":"https:\/\/ruf-cloppenburg.de\/index.php\/wp-json\/wp\/v2\/comments?post=96"}],"version-history":[{"count":19,"href":"https:\/\/ruf-cloppenburg.de\/index.php\/wp-json\/wp\/v2\/pages\/96\/revisions"}],"predecessor-version":[{"id":1219,"href":"https:\/\/ruf-cloppenburg.de\/index.php\/wp-json\/wp\/v2\/pages\/96\/revisions\/1219"}],"wp:attachment":[{"href":"https:\/\/ruf-cloppenburg.de\/index.php\/wp-json\/wp\/v2\/media?parent=96"}],"curies":[{"name":"wp","href":"https:\/\/api.w.org\/{rel}","templated":true}]}}