{"id":19,"date":"2017-03-23T13:12:53","date_gmt":"2017-03-23T13:12:53","guid":{"rendered":"http:\/\/testjoko.de\/?page_id=19"},"modified":"2025-09-25T11:17:36","modified_gmt":"2025-09-25T09:17:36","slug":"reitanlage","status":"publish","type":"page","link":"https:\/\/ruf-cloppenburg.de\/index.php\/reitanlage\/","title":{"rendered":"Reitanlage"},"content":{"rendered":"<p>Unsere Rei\u00adtan\u00adlage befind\u00adet sich inmit\u00adten der B\u00fchren\u00ader Tan\u00adnen und gren\u00adzt damit an ein wun\u00adder\u00adsch\u00f6nes Gel\u00e4nde mit abwech\u00adslungsre\u00adichen Aus\u00adre\u00adit\u00adm\u00f6glichkeit\u00aden.<br>In zwei Rei\u00adthallen (20x45m und 15x25m), auf zwei Dres\u00adsur\u00adpl\u00e4tzen (30x70m und 25x65m) und eben\u00adfalls zwei Spring\u00adpl\u00e4tzen (75x80m und 25x75m) wer\u00adden opti\u00admale Train\u00adings\u00adbe\u00addin\u00adgun\u00adgen geboten. Dabei sind die B\u00f6den des gro\u00dfen Spring\u00adplatzes sowie eines Dres\u00adsur\u00adplatzes und der Rei\u00adthalle mit Ebbe-Flut-Sys\u00adtem aus\u00adges\u00adtat\u00adtet. Das Herzst\u00fcck unser\u00ader Anlage, der gro\u00dfe Spring\u00adplatz, ver\u00adf\u00fcgt zudem \u00fcber eine Flut\u00adlich\u00adtan\u00adlage und eine \u00fcber\u00addachte Trib\u00fcne. Der gr\u00f6\u00dfere Dres\u00adsur\u00adplatz ist eben\u00adfalls mit ein\u00ader Flut\u00adlich\u00adtan\u00adlage aus\u00adges\u00adtat\u00adtet, was eine ganzj\u00e4hrige Nutzung erm\u00f6glicht. Unsere Reit\u00aderk\u00adlause mit Blick in die gro\u00dfe Halle ist beson\u00adders in kalten Win\u00adter\u00admonat\u00aden ein begehrter Platz, um das Geschehen in der Rei\u00adthalle zu ver\u00adfol\u00adgen und sich auszu\u00adtauschen. Ver\u00adschiedene Wei\u00adden und Pad\u00addocks erm\u00f6glichen den Ein\u00adsteller- und Schulpfer\u00adden ganzj\u00e4hri\u00adgen Aus\u00adlauf. In zwei Stall\u00adtrak\u00adten ste\u00adhen ins\u00adge\u00adsamt 34 gro\u00dfe und helle Box\u00aden zur Verf\u00fcgung.<\/p>\n<p>Damit bieten wir zu jed\u00ader Jahreszeit opti\u00admale Bedin\u00adgun\u00adgen f\u00fcr Pferd und Reit\u00ader aus den ver\u00adschiede\u00adnen Sparten.<\/p>\n<p><strong>Dres\u00adsur\u00adpl\u00e4tze<\/strong><\/p>\n<p><img loading=\"lazy\" decoding=\"async\" class=\"alignnone size-large wp-image-310\" src=\"http:\/\/testjoko.de\/wp-content\/uploads\/2018\/05\/Dressurplatz_Ebbe-Flut-System30mal70m_preview-1024x683.jpeg\" alt width=\"640\" height=\"427\" srcset=\"https:\/\/ruf-cloppenburg.de\/wp-content\/uploads\/2018\/05\/Dressurplatz_Ebbe-Flut-System30mal70m_preview-1024x683.jpeg 1024w, https:\/\/ruf-cloppenburg.de\/wp-content\/uploads\/2018\/05\/Dressurplatz_Ebbe-Flut-System30mal70m_preview-300x200.jpeg 300w, https:\/\/ruf-cloppenburg.de\/wp-content\/uploads\/2018\/05\/Dressurplatz_Ebbe-Flut-System30mal70m_preview-768x512.jpeg 768w, https:\/\/ruf-cloppenburg.de\/wp-content\/uploads\/2018\/05\/Dressurplatz_Ebbe-Flut-System30mal70m_preview-1536x1024.jpeg 1536w, https:\/\/ruf-cloppenburg.de\/wp-content\/uploads\/2018\/05\/Dressurplatz_Ebbe-Flut-System30mal70m_preview-750x500.jpeg 750w, https:\/\/ruf-cloppenburg.de\/wp-content\/uploads\/2018\/05\/Dressurplatz_Ebbe-Flut-System30mal70m_preview.jpeg 2048w\" sizes=\"auto, (max-width: 640px) 100vw, 640px\"><\/p>\n<p>(Ebbe-Flut Sys\u00adtem 25m x&nbsp;65m)<\/p>\n<p><img loading=\"lazy\" decoding=\"async\" class=\"alignnone wp-image-311 size-large\" src=\"http:\/\/testjoko.de\/wp-content\/uploads\/2018\/05\/Dressurabreiteplatz_Hopster-Boden25mal65_preview-e1527665350414-848x1024.jpeg\" alt width=\"640\" height=\"773\" srcset=\"https:\/\/ruf-cloppenburg.de\/wp-content\/uploads\/2018\/05\/Dressurabreiteplatz_Hopster-Boden25mal65_preview-e1527665350414-848x1024.jpeg 848w, https:\/\/ruf-cloppenburg.de\/wp-content\/uploads\/2018\/05\/Dressurabreiteplatz_Hopster-Boden25mal65_preview-e1527665350414-248x300.jpeg 248w, https:\/\/ruf-cloppenburg.de\/wp-content\/uploads\/2018\/05\/Dressurabreiteplatz_Hopster-Boden25mal65_preview-e1527665350414-768x927.jpeg 768w, https:\/\/ruf-cloppenburg.de\/wp-content\/uploads\/2018\/05\/Dressurabreiteplatz_Hopster-Boden25mal65_preview-e1527665350414-1272x1536.jpeg 1272w, https:\/\/ruf-cloppenburg.de\/wp-content\/uploads\/2018\/05\/Dressurabreiteplatz_Hopster-Boden25mal65_preview-e1527665350414.jpeg 1365w\" sizes=\"auto, (max-width: 640px) 100vw, 640px\"><\/p>\n<p>(Hop\u00adster Boden 30m x&nbsp;70m)<\/p>\n<p><strong>Gro\u00dfe Rei\u00adthalle<\/strong><\/p>\n<p><img loading=\"lazy\" decoding=\"async\" class=\"alignnone size-large wp-image-312\" src=\"http:\/\/testjoko.de\/wp-content\/uploads\/2018\/05\/gro\u00dfeReithalle_Ebbe-Flut-System20mal45m_preview-1024x494.jpeg\" alt width=\"640\" height=\"309\" srcset=\"https:\/\/ruf-cloppenburg.de\/wp-content\/uploads\/2018\/05\/gro\u00dfeReithalle_Ebbe-Flut-System20mal45m_preview-1024x494.jpeg 1024w, https:\/\/ruf-cloppenburg.de\/wp-content\/uploads\/2018\/05\/gro\u00dfeReithalle_Ebbe-Flut-System20mal45m_preview-300x145.jpeg 300w, https:\/\/ruf-cloppenburg.de\/wp-content\/uploads\/2018\/05\/gro\u00dfeReithalle_Ebbe-Flut-System20mal45m_preview-768x370.jpeg 768w, https:\/\/ruf-cloppenburg.de\/wp-content\/uploads\/2018\/05\/gro\u00dfeReithalle_Ebbe-Flut-System20mal45m_preview-1536x740.jpeg 1536w, https:\/\/ruf-cloppenburg.de\/wp-content\/uploads\/2018\/05\/gro\u00dfeReithalle_Ebbe-Flut-System20mal45m_preview.jpeg 2048w\" sizes=\"auto, (max-width: 640px) 100vw, 640px\"><\/p>\n<p>(Ebbe-Flut Sys\u00adtem 20m x&nbsp;45m)<\/p>\n<p><strong>Kleine Rei\u00adthalle<\/strong><\/p>\n<p><img loading=\"lazy\" decoding=\"async\" class=\"alignnone size-large wp-image-313\" src=\"http:\/\/testjoko.de\/wp-content\/uploads\/2018\/05\/kleineReithalle_Ebbe-Flut-System15mal25m_preview-1024x506.jpeg\" alt width=\"640\" height=\"316\" srcset=\"https:\/\/ruf-cloppenburg.de\/wp-content\/uploads\/2018\/05\/kleineReithalle_Ebbe-Flut-System15mal25m_preview-1024x506.jpeg 1024w, https:\/\/ruf-cloppenburg.de\/wp-content\/uploads\/2018\/05\/kleineReithalle_Ebbe-Flut-System15mal25m_preview-300x148.jpeg 300w, https:\/\/ruf-cloppenburg.de\/wp-content\/uploads\/2018\/05\/kleineReithalle_Ebbe-Flut-System15mal25m_preview-768x380.jpeg 768w, https:\/\/ruf-cloppenburg.de\/wp-content\/uploads\/2018\/05\/kleineReithalle_Ebbe-Flut-System15mal25m_preview-1536x759.jpeg 1536w, https:\/\/ruf-cloppenburg.de\/wp-content\/uploads\/2018\/05\/kleineReithalle_Ebbe-Flut-System15mal25m_preview.jpeg 2048w\" sizes=\"auto, (max-width: 640px) 100vw, 640px\"><\/p>\n<p>(Hop\u00adster Boden 15m x&nbsp;25m)<\/p>\n<p><strong>Spring\u00adpl\u00e4tze<\/strong><\/p>\n<p><img loading=\"lazy\" decoding=\"async\" class=\"alignnone wp-image-314\" src=\"http:\/\/testjoko.de\/wp-content\/uploads\/2018\/05\/Springabreiteplatz_Ebbe-Flut-System25mal75m_preview-e1527665253989.jpeg\" alt width=\"640\" height=\"485\" srcset=\"https:\/\/ruf-cloppenburg.de\/wp-content\/uploads\/2018\/05\/Springabreiteplatz_Ebbe-Flut-System25mal75m_preview-e1527665253989.jpeg 700w, https:\/\/ruf-cloppenburg.de\/wp-content\/uploads\/2018\/05\/Springabreiteplatz_Ebbe-Flut-System25mal75m_preview-e1527665253989-300x227.jpeg 300w\" sizes=\"auto, (max-width: 640px) 100vw, 640px\"><\/p>\n<p>(Hop\u00adster Boden 25m x&nbsp;75m)<\/p>\n<p><img loading=\"lazy\" decoding=\"async\" class=\"alignnone size-large wp-image-315\" src=\"http:\/\/testjoko.de\/wp-content\/uploads\/2018\/05\/Springplatz_Ebbe-Flut-System75mal80m_preview-1024x683.jpeg\" alt width=\"640\" height=\"427\" srcset=\"https:\/\/ruf-cloppenburg.de\/wp-content\/uploads\/2018\/05\/Springplatz_Ebbe-Flut-System75mal80m_preview-1024x683.jpeg 1024w, https:\/\/ruf-cloppenburg.de\/wp-content\/uploads\/2018\/05\/Springplatz_Ebbe-Flut-System75mal80m_preview-300x200.jpeg 300w, https:\/\/ruf-cloppenburg.de\/wp-content\/uploads\/2018\/05\/Springplatz_Ebbe-Flut-System75mal80m_preview-768x512.jpeg 768w, https:\/\/ruf-cloppenburg.de\/wp-content\/uploads\/2018\/05\/Springplatz_Ebbe-Flut-System75mal80m_preview-1536x1024.jpeg 1536w, https:\/\/ruf-cloppenburg.de\/wp-content\/uploads\/2018\/05\/Springplatz_Ebbe-Flut-System75mal80m_preview-750x500.jpeg 750w, https:\/\/ruf-cloppenburg.de\/wp-content\/uploads\/2018\/05\/Springplatz_Ebbe-Flut-System75mal80m_preview.jpeg 2048w\" sizes=\"auto, (max-width: 640px) 100vw, 640px\"><\/p>\n<p>(Ebbe-Flut Sys\u00adtem 75m x&nbsp;80m)<\/p>\n<p><strong>Wei\u00addeim\u00adpres\u00adsio\u00adnen<\/strong><\/p>\n<p><img loading=\"lazy\" decoding=\"async\" class=\"alignnone  wp-image-1194\" src=\"https:\/\/ruf-cloppenburg.de\/wp-content\/uploads\/2025\/09\/WhatsApp-Image-2025-09-22-at-22.43.34-225x300.jpeg\" alt width=\"302\" height=\"403\" srcset=\"https:\/\/ruf-cloppenburg.de\/wp-content\/uploads\/2025\/09\/WhatsApp-Image-2025-09-22-at-22.43.34-225x300.jpeg 225w, https:\/\/ruf-cloppenburg.de\/wp-content\/uploads\/2025\/09\/WhatsApp-Image-2025-09-22-at-22.43.34-768x1024.jpeg 768w, https:\/\/ruf-cloppenburg.de\/wp-content\/uploads\/2025\/09\/WhatsApp-Image-2025-09-22-at-22.43.34-1152x1536.jpeg 1152w, https:\/\/ruf-cloppenburg.de\/wp-content\/uploads\/2025\/09\/WhatsApp-Image-2025-09-22-at-22.43.34-1536x2048.jpeg 1536w, https:\/\/ruf-cloppenburg.de\/wp-content\/uploads\/2025\/09\/WhatsApp-Image-2025-09-22-at-22.43.34-scaled.jpeg 1920w\" sizes=\"auto, (max-width: 302px) 100vw, 302px\">&nbsp; &nbsp; &nbsp; &nbsp;<img loading=\"lazy\" decoding=\"async\" class=\"alignnone  wp-image-1195\" src=\"https:\/\/ruf-cloppenburg.de\/wp-content\/uploads\/2025\/09\/WhatsApp-Image-2025-09-22-at-14.48.27-225x300.jpeg\" alt width=\"302\" height=\"403\" srcset=\"https:\/\/ruf-cloppenburg.de\/wp-content\/uploads\/2025\/09\/WhatsApp-Image-2025-09-22-at-14.48.27-225x300.jpeg 225w, https:\/\/ruf-cloppenburg.de\/wp-content\/uploads\/2025\/09\/WhatsApp-Image-2025-09-22-at-14.48.27-768x1024.jpeg 768w, https:\/\/ruf-cloppenburg.de\/wp-content\/uploads\/2025\/09\/WhatsApp-Image-2025-09-22-at-14.48.27-1152x1536.jpeg 1152w, https:\/\/ruf-cloppenburg.de\/wp-content\/uploads\/2025\/09\/WhatsApp-Image-2025-09-22-at-14.48.27.jpeg 1200w\" sizes=\"auto, (max-width: 302px) 100vw, 302px\"><\/p>\n<p>&nbsp;<\/p>\n<p>___________________<\/p>\n<h4><strong>Sanierung der Hallenbeleuchtung auf dem Gel\u00e4nde des Reit- und Fahrvereins Cloppenburg e.&nbsp;V.<\/strong><\/h4>\n<p>Der Reit- und Fahrvere\u00adin Clop\u00adpen\u00adburg e. V. hat vom 10. bis 20.01.2023 die Beleuch\u00adtung in den bei\u00adden Rei\u00adthallen sowie der Stall\u00adgasse auf LED-Beleuch\u00adtung umgestellt.<\/p>\n<p>Aus\u00adge\u00adf\u00fchrt wur\u00adden die Arbeit\u00aden durch die <span class=\"caps\">LED<\/span> Nord\u00adwest, Inh. Dirk S\u00fcd\u00adkamp, Jam\u00admer\u00adtal 8, 49661 Clop\u00adpen\u00adburg. Gef\u00f6rdert wurde die Ma\u00df\u00adnahme aus den Mit\u00adteln der <strong>Nationalen Kli\u00admaschutzini\u00adtia\u00adtive* des Bun\u00addesmin\u00adis\u00adteri\u00adums f\u00fcr Wirtschaft und Kli\u00admaschutz unter dem F\u00f6rderkennze\u00adichen <span class=\"caps\">67K19421<\/span>.<\/strong><\/p>\n<p>Ziel des Vorhabens ist eine bessere Ausleuch\u00adtung und eine deut\u00adliche Reduk\u00adtion der Strom- und Wartungskosten in H\u00f6he von ca. 60 % sowie eine CO2-Einsparung von rd. 60\u201380 % zu erreichen.<\/p>\n<p>*Nationale Kli\u00admaschutzini\u00adtia\u00adtive:<br>Mit der Nationalen Kli\u00admaschutzini\u00adtia\u00adtive ini\u00adti\u00adiert und f\u00f6rdert die Bun\u00addesregierung seit 2008 zahlre\u00adiche Pro\u00adjek\u00adte, die einen Beitrag zur Senkung der Treib\u00adhaus\u00adgase\u00admis\u00adsio\u00adnen leis\u00adten. Ihre Pro\u00adgramme und Pro\u00adjek\u00adte deck\u00aden ein bre\u00adites Spek\u00adtrum an Kli\u00admaschutza\u00adk\u00adtiv\u00adit\u00e4ten ab: Von der Entwick\u00adlung langfristiger Strate\u00adgien bis hin zu konkreten Hil\u00adfestel\u00adlun\u00adgen und inves\u00adtiv\u00aden F\u00f6r\u00adder\u00adma\u00df\u00adnah\u00admen. Die Vielfalt ist Garant f\u00fcr gute Ideen. Die Nationale Kli\u00admaschutzini\u00adtia\u00adtive tr\u00e4gt zu ein\u00ader Ver\u00adankerung des Kli\u00admaschutzes vor Ort bei. Von ihr prof\u00adi\u00adtieren Ver\u00adbraucherin\u00adnen und Ver\u00adbrausch\u00ader eben\u00adso wie Unternehmen, Kom\u00admunen oder Bildungseinrichtungen.<\/p>\n<p><b><a href=\"http:\/\/www.klimaschutz.de\/kommunalrichtlinie\" target=\"_blank\" rel=\"nofollow noopener noreferrer\">www.klimaschutz.de\/kommunalrichtlinie<\/a><\/b><\/p>\n\n\n<div class=\"wp-block-group\"><div class=\"wp-block-group__inner-container is-layout-constrained wp-block-group-is-layout-constrained\">\n<figure class=\"wp-block-gallery has-nested-images columns-default is-cropped wp-block-gallery-1 is-layout-flex wp-block-gallery-is-layout-flex\">\n<figure class=\"wp-block-image size-large\"><img loading=\"lazy\" decoding=\"async\" width=\"591\" height=\"840\" src=\"https:\/\/ruf-cloppenburg.de\/wp-content\/uploads\/2023\/11\/Aushang-NKI-Schild-2.jpg\" alt class=\"wp-image-938\" srcset=\"https:\/\/ruf-cloppenburg.de\/wp-content\/uploads\/2023\/11\/Aushang-NKI-Schild-2.jpg 591w, https:\/\/ruf-cloppenburg.de\/wp-content\/uploads\/2023\/11\/Aushang-NKI-Schild-2-211x300.jpg 211w\" sizes=\"auto, (max-width: 591px) 100vw, 591px\"><\/figure>\n\n\n\n<figure class=\"wp-block-image size-large\"><img loading=\"lazy\" decoding=\"async\" width=\"768\" height=\"1024\" src=\"https:\/\/ruf-cloppenburg.de\/wp-content\/uploads\/2023\/11\/Bild-Stallgasse-2-768x1024.jpg\" alt class=\"wp-image-934\" srcset=\"https:\/\/ruf-cloppenburg.de\/wp-content\/uploads\/2023\/11\/Bild-Stallgasse-2-768x1024.jpg 768w, https:\/\/ruf-cloppenburg.de\/wp-content\/uploads\/2023\/11\/Bild-Stallgasse-2-225x300.jpg 225w, https:\/\/ruf-cloppenburg.de\/wp-content\/uploads\/2023\/11\/Bild-Stallgasse-2-1152x1536.jpg 1152w, https:\/\/ruf-cloppenburg.de\/wp-content\/uploads\/2023\/11\/Bild-Stallgasse-2-1536x2048.jpg 1536w, https:\/\/ruf-cloppenburg.de\/wp-content\/uploads\/2023\/11\/Bild-Stallgasse-2-scaled.jpg 1920w\" sizes=\"auto, (max-width: 768px) 100vw, 768px\"><\/figure>\n\n\n\n<figure class=\"wp-block-image size-large\"><img loading=\"lazy\" decoding=\"async\" width=\"1024\" height=\"768\" src=\"https:\/\/ruf-cloppenburg.de\/wp-content\/uploads\/2023\/11\/Bild-Reithalle-1024x768.jpg\" alt class=\"wp-image-935\" srcset=\"https:\/\/ruf-cloppenburg.de\/wp-content\/uploads\/2023\/11\/Bild-Reithalle-1024x768.jpg 1024w, https:\/\/ruf-cloppenburg.de\/wp-content\/uploads\/2023\/11\/Bild-Reithalle-300x225.jpg 300w, https:\/\/ruf-cloppenburg.de\/wp-content\/uploads\/2023\/11\/Bild-Reithalle-768x576.jpg 768w, https:\/\/ruf-cloppenburg.de\/wp-content\/uploads\/2023\/11\/Bild-Reithalle-1536x1152.jpg 1536w, https:\/\/ruf-cloppenburg.de\/wp-content\/uploads\/2023\/11\/Bild-Reithalle-2048x1536.jpg 2048w, https:\/\/ruf-cloppenburg.de\/wp-content\/uploads\/2023\/11\/Bild-Reithalle-285x214.jpg 285w\" sizes=\"auto, (max-width: 1024px) 100vw, 1024px\"><\/figure>\n\n\n\n<figure class=\"wp-block-image size-large\"><img loading=\"lazy\" decoding=\"async\" width=\"1024\" height=\"768\" src=\"https:\/\/ruf-cloppenburg.de\/wp-content\/uploads\/2023\/11\/Bild-Stallgasse-1-1024x768.jpg\" alt class=\"wp-image-943\" srcset=\"https:\/\/ruf-cloppenburg.de\/wp-content\/uploads\/2023\/11\/Bild-Stallgasse-1-1024x768.jpg 1024w, https:\/\/ruf-cloppenburg.de\/wp-content\/uploads\/2023\/11\/Bild-Stallgasse-1-300x225.jpg 300w, https:\/\/ruf-cloppenburg.de\/wp-content\/uploads\/2023\/11\/Bild-Stallgasse-1-768x576.jpg 768w, https:\/\/ruf-cloppenburg.de\/wp-content\/uploads\/2023\/11\/Bild-Stallgasse-1-1536x1152.jpg 1536w, https:\/\/ruf-cloppenburg.de\/wp-content\/uploads\/2023\/11\/Bild-Stallgasse-1-2048x1536.jpg 2048w, https:\/\/ruf-cloppenburg.de\/wp-content\/uploads\/2023\/11\/Bild-Stallgasse-1-285x214.jpg 285w\" sizes=\"auto, (max-width: 1024px) 100vw, 1024px\"><\/figure>\n\n\n\n<figure class=\"wp-block-image size-large\"><img loading=\"lazy\" decoding=\"async\" width=\"1024\" height=\"768\" src=\"https:\/\/ruf-cloppenburg.de\/wp-content\/uploads\/2023\/11\/IMG-20231113-WA0004-1024x768.jpg\" alt class=\"wp-image-940\" srcset=\"https:\/\/ruf-cloppenburg.de\/wp-content\/uploads\/2023\/11\/IMG-20231113-WA0004-1024x768.jpg 1024w, https:\/\/ruf-cloppenburg.de\/wp-content\/uploads\/2023\/11\/IMG-20231113-WA0004-300x225.jpg 300w, https:\/\/ruf-cloppenburg.de\/wp-content\/uploads\/2023\/11\/IMG-20231113-WA0004-768x576.jpg 768w, https:\/\/ruf-cloppenburg.de\/wp-content\/uploads\/2023\/11\/IMG-20231113-WA0004-1536x1152.jpg 1536w, https:\/\/ruf-cloppenburg.de\/wp-content\/uploads\/2023\/11\/IMG-20231113-WA0004-285x214.jpg 285w, https:\/\/ruf-cloppenburg.de\/wp-content\/uploads\/2023\/11\/IMG-20231113-WA0004.jpg 1600w\" sizes=\"auto, (max-width: 1024px) 100vw, 1024px\"><\/figure>\n<\/figure>\n<\/div><\/div>\n","protected":false},"excerpt":{"rendered":"<p>Unsere Rei\u00adtan\u00adlage befind\u00adet sich inmit\u00adten der B\u00fchren\u00ader Tan\u00adnen und gren\u00adzt damit an ein wun\u00adder\u00adsch\u00f6nes Gel\u00e4nde mit abwech\u00adslungsre\u00adichen Aus\u00adre\u00adit\u00adm\u00f6glichkeit\u00aden.In zwei Rei\u00adthallen (20x45m und 15x25m), auf zwei Dres\u00adsur\u00adpl\u00e4tzen (30x70m und 25x65m) und eben\u00adfalls zwei Spring\u00adpl\u00e4tzen (75x80m und 25x75m) wer\u00adden opti\u00admale Train\u00adings\u00adbe\u00addin\u00adgun\u00adgen geboten. Dabei sind die B\u00f6den des gro\u00dfen Spring\u00adplatzes sowie eines Dres\u00adsur\u00adplatzes und der Rei\u00adthalle mit Ebbe-Flut-Sys\u00adtem <a href=\"https:\/\/ruf-cloppenburg.de\/index.php\/reitanlage\/\" rel=\"nofollow\"><span class=\"sr-only\">Read more about Rei\u00adtan\u00adlage<\/span>[\u2026]<\/a><\/p>\n","protected":false},"author":1,"featured_media":0,"parent":0,"menu_order":0,"comment_status":"closed","ping_status":"closed","template":"template-fullwidth.php","meta":{"wp_typography_post_enhancements_disabled":false,"_monsterinsights_skip_tracking":false,"_monsterinsights_sitenote_active":false,"_monsterinsights_sitenote_note":"","_monsterinsights_sitenote_category":0,"footnotes":""},"class_list":["post-19","page","type-page","status-publish","hentry"],"_links":{"self":[{"href":"https:\/\/ruf-cloppenburg.de\/index.php\/wp-json\/wp\/v2\/pages\/19","targetHints":{"allow":["GET"]}}],"collection":[{"href":"https:\/\/ruf-cloppenburg.de\/index.php\/wp-json\/wp\/v2\/pages"}],"about":[{"href":"https:\/\/ruf-cloppenburg.de\/index.php\/wp-json\/wp\/v2\/types\/page"}],"author":[{"embeddable":true,"href":"https:\/\/ruf-cloppenburg.de\/index.php\/wp-json\/wp\/v2\/users\/1"}],"replies":[{"embeddable":true,"href":"https:\/\/ruf-cloppenburg.de\/index.php\/wp-json\/wp\/v2\/comments?post=19"}],"version-history":[{"count":21,"href":"https:\/\/ruf-cloppenburg.de\/index.php\/wp-json\/wp\/v2\/pages\/19\/revisions"}],"predecessor-version":[{"id":1196,"href":"https:\/\/ruf-cloppenburg.de\/index.php\/wp-json\/wp\/v2\/pages\/19\/revisions\/1196"}],"wp:attachment":[{"href":"https:\/\/ruf-cloppenburg.de\/index.php\/wp-json\/wp\/v2\/media?parent=19"}],"curies":[{"name":"wp","href":"https:\/\/api.w.org\/{rel}","templated":true}]}}