{"id":156,"date":"2018-05-29T06:18:12","date_gmt":"2018-05-29T06:18:12","guid":{"rendered":"http:\/\/testjoko.de\/?page_id=156"},"modified":"2018-06-01T10:15:26","modified_gmt":"2018-06-01T08:15:26","slug":"privacy-policy","status":"publish","type":"page","link":"https:\/\/ruf-cloppenburg.de\/index.php\/privacy-policy\/","title":{"rendered":"Privacy Policy"},"content":{"rendered":"<p><code><\/code><\/p><h1>Datenschutzerkl\u00e4rung<\/h1>\n<p><\/p><p>In dieser Daten\u00adschutzerk\u00adl\u00e4rung informieren wir Sie \u00fcber die Ver\u00adar\u00adbeitung Ihrer per\u00adso\u00adn\u00aden\u00adbe\u00adzo\u00adge\u00adnen&nbsp;Daten.<\/p>\n<p> Sofern Sie Ihre Daten\u00adschutze\u00adin\u00adstel\u00adlun\u00adgen \u00e4ndern m\u00f6cht\u00aden (Ein\u00adwilli\u00adgun\u00adgen erteilen oder bere\u00adits erteilte Ein\u00adwilli\u00adgun\u00adgen wider\u00adrufen), klick\u00aden Sie <a target=\"_blank\" href=\"#\" class=\"sp-dsgvo-show-privacy-popup\">hier<\/a> um Ihre Ein\u00adstel\u00adlun\u00adgen zu \u00e4ndern.<\/p>\n<h2>Verantwortlich<\/h2>\n<p>Reit- und Farhvere\u00adin Clop\u00adpen\u00adburg, Gar\u00adrel\u00ader Weg 130, 49661 Clop\u00adpen\u00adburg, Deutschland,&nbsp;<\/p>\n<h2>Hosting Provider<\/h2>\n<p><strong>Dienst:<\/strong> All-Inkl<br>\n<strong>Anbi\u00adeter:<\/strong> All-Inkl, Haupt\u00adstra\u00dfe 68, Friedersdorf<br>\n<strong>Daten\u00adschutzerk\u00adl\u00e4rung:<\/strong> https:\/\/all-inkl.com\/datenschutzinformationen\/<\/p>\n<h2>Kontaktformular<\/h2>\n<p><\/p><p>Auf unser\u00ader Web\u00adsite beste\u00adht die M\u00f6glichkeit, durch ein Kon\u00adtak\u00adt\u00adfor\u00admu\u00adlar direkt mit uns in Kon\u00adtakt zu treten. Nach Absenden des Kon\u00adtak\u00adt\u00adfor\u00admu\u00adla\u00adrs erfol\u00adgt eine Ver\u00adar\u00adbeitung der von Ihnen eingegebe\u00adnen per\u00adso\u00adn\u00aden\u00adbe\u00adzo\u00adge\u00adnen Dat\u00aden durch den Ver\u00adant\u00adwortlichen zum Zweck der Bear\u00adbeitung Ihrer Anfrage auf Grund\u00adlage der von Ihnen durch das Absenden des For\u00admu\u00adla\u00adrs erteil\u00adten Ein\u00adwilli\u00adgung gem. Art. 6 Abs. 1 lit. a <span class=\"caps\">DSGVO<\/span> bis auf Wider\u00adruf.<br>Es beste\u00adht keine geset\u00adzliche oder ver\u00adtragliche Verpflich\u00adtung zur Bere\u00adit\u00adstel\u00adlung der per\u00adso\u00adn\u00aden\u00adbe\u00adzo\u00adge\u00adnen Dat\u00aden. Die Nicht\u00adbere\u00adit\u00adstel\u00adlung hat lediglich zur Folge, dass Sie Ihr Anliegen nicht \u00fcber\u00admit\u00adteln und wir dieses nicht bear\u00adbeit\u00aden k\u00f6nnen.<\/p>\n\n<h2>Kommentarformular<\/h2>\n<p><\/p><p>Durch die Kom\u00admen\u00adtierung unser\u00ader Pro\u00adduk\u00adte, Beitr\u00e4ge, Fotos oder Videos erfol\u00adgt eine Ver\u00adar\u00adbeitung der von Ihnen angegebe\u00adnen per\u00adso\u00adn\u00aden\u00adbe\u00adzo\u00adge\u00adnen Dat\u00aden zum Zweck der Darstel\u00adlung Ihrer Kom\u00admen\u00adtierung auf unser\u00ader Web\u00adsite sowie der inter\u00adnen Doku\u00admen\u00adta\u00adtion auf der Rechts\u00adgrund\u00adlage des mit Ihnen geschlosse\u00adnen Ver\u00adtrags gem\u00e4\u00df Art. 6 Abs. 1 lit. b <span class=\"caps\">DSGVO<\/span> (unent\u00adgeltlich\u00ader Host\u00adingver\u00adtrag zur Darstel\u00adlung Ihrer Kom\u00admen\u00adtierung auf unser\u00ader Web\u00adsite). Auf unser\u00ader Web\u00adsite erfol\u00adgt eine Ver\u00f6f\u00adfentlichung Ihres Namens sowie Ihres Kom\u00admen\u00adtars. Die Spe\u00adicherung Ihrer per\u00adso\u00adn\u00aden\u00adbe\u00adzo\u00adge\u00adnen Dat\u00aden erfol\u00adgt bis zur L\u00f6schung der Kommentierung.<\/p>\n\n<h2>Embeddings<\/h2>\n<h3>YouTube<\/h3>\n<p><\/p><p>Im Fall der Erteilung Ihrer Ein\u00adwilli\u00adgung ver\u00adar\u00adbeit\u00aden wir mit dem Dienst <a target=\"_blank\" href=\"https:\/\/www.youtube.com\/\">Youtube<\/a>, Google Ire\u00adland Lim\u00adit\u00aded, Gor\u00addon House, Bar\u00adrow Street, Dublin 4, Irland als gemein\u00adsame Ver\u00adant\u00adwortliche Ihre per\u00adso\u00adn\u00aden\u00adbe\u00adzo\u00adge\u00adnen Dat\u00aden zum Zweck der Wieder\u00adgabe von Videos auf unser\u00ader Website.<\/p>\n<p>Wir erm\u00f6glichen dem Dienst die Erhe\u00adbung von Verbindungs\u00addat\u00aden, die Erhe\u00adbung von Dat\u00aden ihres Web\u00adbrowsers sowie die Platzierung eines Wer\u00adbe\u00adcook\u00adies. Durch die Platzierung von Wer\u00adbe\u00adcook\u00adies ist es Google m\u00f6glich, f\u00fcr jeden Nutzer eine indi\u00advidu\u00adelle User-ID zu berech\u00adnen. Diese zur ein\u00addeuti\u00adgen Iden\u00adti\u00adfizierung geeigneten per\u00adso\u00adn\u00aden\u00adbe\u00adzo\u00adge\u00adnen Dat\u00aden wer\u00adden sodann im Rah\u00admen des von Google betriebe\u00adnen Wer\u00adbenet\u00adzw\u00aderks verarbeitet.<\/p>\n<p>Der Google Konz\u00adern \u00fcber\u00admit\u00adtelt Ihre per\u00adso\u00adn\u00aden\u00adbe\u00adzo\u00adge\u00adnen Dat\u00aden in die <span class=\"caps\">USA<\/span>. Die Rechts\u00adgrund\u00adlage f\u00fcr die Daten\u00fcber\u00admit\u00adtlung in die <span class=\"caps\">USA<\/span> ist Ihre Ein\u00adwilli\u00adgung gem\u00e4\u00df Art. 49 Abs 1 lit a iVm Art. 6 Abs 1 lit a <span class=\"caps\">DSGVO<\/span> in Verbindung mit \u00a725 <span class=\"caps\">TTDSG<\/span>. Sie wur\u00adden bere\u00adits vor Erteilung Ihrer Ein\u00adwilli\u00adgung informiert, dass die <span class=\"caps\">USA<\/span> \u00fcber kein den Stan\u00addards der <span class=\"caps\">EU<\/span> entsprechen\u00addes Daten\u00adschutzniveau ver\u00adf\u00fcgt. Ins\u00adbeson\u00addere k\u00f6n\u00adnen <span class=\"caps\">US<\/span> Geheim\u00addi\u00aden\u00adste auf Ihre Dat\u00aden zugreifen, ohne dass Sie dar\u00fcber informiert wer\u00adden und ohne dass Sie dage\u00adgen rechtlich vorge\u00adhen k\u00f6n\u00adnen. Der Europ\u00e4is\u00adche Gericht\u00adshof hat aus diesem Grund in einem Urteil den fr\u00fcheren Angemessen\u00adheits\u00adbeschluss (Pri\u00adva\u00adcy Shield) f\u00fcr ung\u00fcltig erkl\u00e4rt.<\/p>\n<p>Soweit durch Google eine weit\u00aderge\u00adhende eigen\u00adst\u00e4ndi\u00adge Ver\u00adar\u00adbeitung der Dat\u00aden ins\u00adbeson\u00addere im Rah\u00admen des Wer\u00adbenet\u00adzw\u00aderkes von Google erfol\u00adgt, ist Google daf\u00fcr alleinige Ver\u00adant\u00adwortliche. Details find\u00aden Sie in der <a target=\"_blank\" href=\"https:\/\/policies.google.com\/privacy?gl=AT&amp;hl=de#intro\">Daten\u00adschutzerk\u00adl\u00e4rung<\/a> von Google.<\/p>\n<p>Die Nichterteilung der Ein\u00adwilli\u00adgung hat lediglich zur Folge, dass Ihnen der Dienst Youtube nicht zur Ver\u00adf\u00fc\u00adgung gestellt wird. Eine bere\u00adits erteilte Ein\u00adwilli\u00adgung k\u00f6n\u00adnen Sie wider\u00adrufen, indem Sie die <a target=\"_blank\" class=\"lwb-ppsp\" href=\"#\" title=\"Datenschutzeinstellungen\">Daten\u00adschutze\u00adin\u00adstel\u00adlun\u00adgen<\/a> \u00e4ndern.<\/p>\n<p>Die Rechts\u00adgrund\u00adlage f\u00fcr die Daten\u00adver\u00adar\u00adbeitung ist Ihre Ein\u00adwilli\u00adgung gem\u00e4\u00df Art. 6 Abs 1 lit. a&nbsp;<span class=\"caps\">DSGVO<\/span>.<\/p>\n\n<h3>Google Maps<\/h3>\n<p><\/p><p>Im Fall der Erteilung Ihrer Ein\u00adwilli\u00adgung ver\u00adar\u00adbeit\u00aden wir mit dem Dienst <a target=\"_blank\" href=\"https:\/\/www.google.at\/maps\">Google Maps<\/a>, Google <span class=\"caps\">LLC<\/span>, Amphithe\u00adatre Park\u00adway, Moun\u00adtain View, <span class=\"caps\">CA<\/span> 94043, <span class=\"caps\">USA<\/span>, als gemein\u00adsame Ver\u00adant\u00adwortliche Ihre per\u00adso\u00adn\u00aden\u00adbe\u00adzo\u00adge\u00adnen Dat\u00aden zum Zweck der Anzeige inter\u00adak\u00adtiv\u00ader Karten auf unser\u00ader Website.<\/p>\n<p>Wir erm\u00f6glichen dem Dienst die Erhe\u00adbung von Verbindungs\u00addat\u00aden, die Erhe\u00adbung von Dat\u00aden ihres Web\u00adbrowsers sowie die Platzierung eines Wer\u00adbe\u00adcook\u00adies. Durch die Platzierung von Wer\u00adbe\u00adcook\u00adies ist es Google m\u00f6glich, f\u00fcr jeden Nutzer eine indi\u00advidu\u00adelle User-ID zu berech\u00adnen. Diese zur ein\u00addeuti\u00adgen Iden\u00adti\u00adfizierung geeigneten per\u00adso\u00adn\u00aden\u00adbe\u00adzo\u00adge\u00adnen Dat\u00aden wer\u00adden sodann im Rah\u00admen des von Google betriebe\u00adnen Wer\u00adbenet\u00adzw\u00aderks verarbeitet.<\/p>\n<p>Soweit durch Google eine weit\u00aderge\u00adhende eigen\u00adst\u00e4ndi\u00adge Ver\u00adar\u00adbeitung der Dat\u00aden ins\u00adbeson\u00addere im Rah\u00admen des Wer\u00adbenet\u00adzw\u00aderkes von Google erfol\u00adgt, ist Google daf\u00fcr alleinige Ver\u00adant\u00adwortliche. Details find\u00aden Sie in der <a target=\"_blank\" href=\"https:\/\/policies.google.com\/privacy?gl=AT&amp;hl=de#intro\">Daten\u00adschutzerk\u00adl\u00e4rung<\/a> von Google.<\/p>\n<p>Die Nichterteilung der Ein\u00adwilli\u00adgung hat lediglich zur Folge, dass Ihnen der Dienst Google Maps nicht zur Ver\u00adf\u00fc\u00adgung gestellt wird. Eine bere\u00adits erteilte Ein\u00adwilli\u00adgung k\u00f6n\u00adnen Sie wider\u00adrufen, indem Sie die <a target=\"_blank\" class=\"lwb-ppsp\" href=\"#\" title=\"Datenschutzeinstellungen\">Daten\u00adschutze\u00adin\u00adstel\u00adlun\u00adgen<\/a> \u00e4ndern.<\/p>\n<p>Die Rechts\u00adgrund\u00adlage f\u00fcr die Daten\u00adver\u00adar\u00adbeitung ist Ihre Ein\u00adwilli\u00adgung gem\u00e4\u00df Art. 6 Abs 1 lit. a&nbsp;<span class=\"caps\">DSGVO<\/span>.<\/p>\n<p>Der Google Konz\u00adern \u00fcber\u00admit\u00adtelt Ihre per\u00adso\u00adn\u00aden\u00adbe\u00adzo\u00adge\u00adnen Dat\u00aden in die <span class=\"caps\">USA<\/span>. Die Rechts\u00adgrund\u00adlage f\u00fcr die Daten\u00fcber\u00admit\u00adtlung in die <span class=\"caps\">USA<\/span> ist Ihre Ein\u00adwilli\u00adgung gem\u00e4\u00df Art. 49 Abs 1 lit a iVm Art. 6 Abs 1 lit a <span class=\"caps\">DSGVO<\/span> in Verbindung mit \u00a725 <span class=\"caps\">TTDSG<\/span>. Sie wur\u00adden bere\u00adits vor Erteilung Ihrer Ein\u00adwilli\u00adgung informiert, dass die <span class=\"caps\">USA<\/span> \u00fcber kein den Stan\u00addards der <span class=\"caps\">EU<\/span> entsprechen\u00addes Daten\u00adschutzniveau ver\u00adf\u00fcgt. Ins\u00adbeson\u00addere k\u00f6n\u00adnen <span class=\"caps\">US<\/span> Geheim\u00addi\u00aden\u00adste auf Ihre Dat\u00aden zugreifen, ohne dass Sie dar\u00fcber informiert wer\u00adden und ohne dass Sie dage\u00adgen rechtlich vorge\u00adhen k\u00f6n\u00adnen. Der Europ\u00e4is\u00adche Gericht\u00adshof hat aus diesem Grund in einem Urteil den fr\u00fcheren Angemessen\u00adheits\u00adbeschluss (Pri\u00adva\u00adcy Shield) f\u00fcr ung\u00fcltig erkl\u00e4rt.<\/p>\n\n<h2>Widerspruchsrecht<\/h2>\n<p><\/p><p>Sofern die Ver\u00adar\u00adbeitung Ihrer per\u00adso\u00adn\u00aden\u00adbe\u00adzo\u00adge\u00adnen Dat\u00aden auf Grund\u00adlage des berechtigten Inter\u00adess\u00ades erfol\u00adgt, haben Sie das Recht gegen diese Ver\u00adar\u00adbeitung zu widersprechen.<\/p>\n<p>Sofern keine zwin\u00adgen\u00adden schutzw\u00fcrdi\u00adgen Gr\u00fcnde f\u00fcr die Ver\u00adar\u00adbeitung unser\u00ader\u00adseits vor\u00adliegen, wird die Ver\u00adar\u00adbeitung Ihrer Dat\u00aden auf Basis dieser Rechts\u00adgrund\u00adlage eingestellt.<\/p>\n<p>Zudem haben Sie das Recht, der Ver\u00adar\u00adbeitung Ihrer per\u00adso\u00adn\u00aden\u00adbe\u00adzo\u00adge\u00adnen Dat\u00aden zum Zweck der Direk\u00adtwer\u00adbung zu wider\u00adsprechen. Im Fall des Wider\u00adspruchs wer\u00adden Ihre per\u00adso\u00adn\u00aden\u00adbe\u00adzo\u00adge\u00adnen Dat\u00aden nicht mehr zum Zweck der Direk\u00adtwer\u00adbung verarbeitet.<\/p>\n<p>Die Recht\u00adm\u00e4\u00dfigkeit der bis zum Wider\u00adspruch ver\u00adar\u00adbeit\u00adeten Dat\u00aden wird durch den Wider\u00adspruch nicht ber\u00fchrt.<\/p>\n\n<h2>Widerrufsrecht<\/h2>\n<p><\/p><p>Sie haben das Recht eine bere\u00adits erteilte Ein\u00adwilli\u00adgung jed\u00aderzeit zu wider\u00adrufen, indem Sie die <a target=\"_blank\" class=\"lwb-ppsp\" href=\"#\" title=\"Datenschutzeinstellungen\">Daten\u00adschutze\u00adin\u00adstel\u00adlun\u00adgen<\/a> \u00e4ndern.<\/p>\n<p>Im Fall der Ein\u00adwilli\u00adgung in den Erhalt elek\u00adtro\u00adn\u00adis\u00adch\u00ader Wer\u00adbung kann der Wider\u00adruf Ihrer Ein\u00adwilli\u00adgung durch Klick auf den Abmeldelink erfol\u00adgen. In diesem Fall wird eine Ver\u00adar\u00adbeitung, sofern keine andere Rechts\u00adgrund\u00adlage beste\u00adht, eingestellt.<\/p>\n<p>Die Recht\u00adm\u00e4\u00dfigkeit der bis zum Wider\u00adruf ver\u00adar\u00adbeit\u00adeten Dat\u00aden wird durch den Wider\u00adruf nicht ber\u00fchrt.<\/p>\n\n<h2>Betroffenenrechte<\/h2>\n<p><\/p><p>Sie haben zudem das Recht auf Auskun\u00adft, Berich\u00adti\u00adgung, L\u00f6schung und Ein\u00adschr\u00e4nkung der Ver\u00adar\u00adbeitung der per\u00adso\u00adn\u00aden\u00adbe\u00adzo\u00adge\u00adnen&nbsp;Daten.<\/p>\n<p>Soweit die Rechts\u00adgrund\u00adlage der Ver\u00adar\u00adbeitung Ihrer per\u00adso\u00adn\u00aden\u00adbe\u00adzo\u00adge\u00adnen Dat\u00aden in Ihrer Ein\u00adwilli\u00adgung oder in einem mit Ihnen abgeschlosse\u00adnen Ver\u00adtrag beste\u00adht, haben Sie \u00fcberdies das Recht auf Daten\u00fcbertragbarkeit.&nbsp;<\/p>\n<p>Weit\u00aders haben Sie das Recht auf Beschw\u00aderde bei der Auf\u00adsichts\u00adbe\u00adh\u00f6rde. N\u00e4here Infor\u00adma\u00adtio\u00adnen zu den Auf\u00adsichts\u00adbe\u00adh\u00f6r\u00adden in der Europ\u00e4is\u00adchen Union find\u00aden Sie <a target=\"_blank\" href=\"https:\/\/ec.europa.eu\/justice\/article-29\/structure\/data-protection-authorities\/index_en.htm\" title=\"Datenschutzbeh\u00f6rden\">hier<\/a>.<\/p>\n\n","protected":false},"excerpt":{"rendered":"","protected":false},"author":1,"featured_media":0,"parent":0,"menu_order":0,"comment_status":"closed","ping_status":"closed","template":"","meta":{"wp_typography_post_enhancements_disabled":false,"_monsterinsights_skip_tracking":false,"_monsterinsights_sitenote_active":false,"_monsterinsights_sitenote_note":"","_monsterinsights_sitenote_category":0,"footnotes":""},"class_list":["post-156","page","type-page","status-publish","hentry"],"_links":{"self":[{"href":"https:\/\/ruf-cloppenburg.de\/index.php\/wp-json\/wp\/v2\/pages\/156","targetHints":{"allow":["GET"]}}],"collection":[{"href":"https:\/\/ruf-cloppenburg.de\/index.php\/wp-json\/wp\/v2\/pages"}],"about":[{"href":"https:\/\/ruf-cloppenburg.de\/index.php\/wp-json\/wp\/v2\/types\/page"}],"author":[{"embeddable":true,"href":"https:\/\/ruf-cloppenburg.de\/index.php\/wp-json\/wp\/v2\/users\/1"}],"replies":[{"embeddable":true,"href":"https:\/\/ruf-cloppenburg.de\/index.php\/wp-json\/wp\/v2\/comments?post=156"}],"version-history":[{"count":2,"href":"https:\/\/ruf-cloppenburg.de\/index.php\/wp-json\/wp\/v2\/pages\/156\/revisions"}],"predecessor-version":[{"id":360,"href":"https:\/\/ruf-cloppenburg.de\/index.php\/wp-json\/wp\/v2\/pages\/156\/revisions\/360"}],"wp:attachment":[{"href":"https:\/\/ruf-cloppenburg.de\/index.php\/wp-json\/wp\/v2\/media?parent=156"}],"curies":[{"name":"wp","href":"https:\/\/api.w.org\/{rel}","templated":true}]}}